{"id":4183,"date":"2021-05-21T10:23:09","date_gmt":"2021-05-21T07:23:09","guid":{"rendered":"https:\/\/www.kreatifmedya.net\/?page_id=4183"},"modified":"2021-10-19T19:50:09","modified_gmt":"2021-10-19T16:50:09","slug":"sales-consultancy","status":"publish","type":"page","link":"https:\/\/www.kreatifmedya.net\/tr\/sales-consultancy\/","title":{"rendered":"Sat\u0131\u015f Dan\u0131\u015fmanl\u0131\u011f\u0131"},"content":{"rendered":"<p>Bir\u00e7ok firma ve marka i\u00e7in verdi\u011fimiz en verimli hizmetlerden bir tanesi de sat\u0131\u015f dan\u0131\u015fmanl\u0131\u011f\u0131d\u0131r. Sat\u0131\u015f dan\u0131\u015fmanl\u0131\u011f\u0131 kapsam\u0131nda verdi\u011fimiz hizmetler; dijital kodlar\u0131n sat\u0131\u015f\u0131, fiziksel sat\u0131\u015f kanallar\u0131 olu\u015fturma, e-ticaret sistemi entegrasyonlar\u0131 ve banka entegrasyonlar\u0131d\u0131r.<\/p>\n\n\n\n<h3 class=\"wp-block-heading\">Dijital Kod (Pin) Sat\u0131\u015flar\u0131<\/h3>\n\n\n\n<p>Masa\u00fcst\u00fc\/mobil oyun\/uygulama geli\u015ftiricileri veya web servisleri taraf\u0131ndan kullan\u0131c\u0131lar\u0131na sunulan dijital kod veya pin kodlar\u0131n\u0131n sat\u0131\u015flar\u0131n\u0131, sahip oldu\u011fumuz sat\u0131\u015f kanallar\u0131 arac\u0131l\u0131\u011f\u0131yla art\u0131r\u0131yoruz.<\/p>\n\n\n\n<h3 class=\"wp-block-heading\">Fiziksel Sat\u0131\u015f Kanallar\u0131<\/h3>\n\n\n\n<p>Dijital kodlar\u0131n\u0131z\u0131, fiziksel hediye kartlar\u0131 haline getirerek 10 binden fazla fiziksel ma\u011fazada sat\u0131\u015fa sunuyoruz. Bu sayede m\u00fc\u015fterileriniz \u00fcr\u00fcnlerinizi kolayca sat\u0131n alabiliyor ve marka bilinirli\u011finiz\/g\u00f6r\u00fcn\u00fcrl\u00fc\u011f\u00fcn\u00fcz artm\u0131\u015f oluyor.<\/p>\n\n\n\n<h3 class=\"wp-block-heading\">E-Ticaret Entegrasyonlar\u0131<\/h3>\n\n\n\n<p>Fiziksel veya dijital \u00fcr\u00fcnlerinizi anla\u015fmal\u0131 olarak \u00e7al\u0131\u015ft\u0131\u011f\u0131m\u0131z bir\u00e7ok e-ticaret sitesi \u00fczerinde sat\u0131\u015fa sunuyoruz. Bu sayede \u00fcr\u00fcnleriniz kullan\u0131c\u0131lar taraf\u0131ndan \u00e7ok daha ula\u015f\u0131labilir oluyor ve haliyle marka bilinirli\u011finiz de art\u0131yor. Sat\u0131\u015f say\u0131lar\u0131n\u0131za do\u011frudan etki eden e-ticaret entegrasyonu hizmetimizi mutlaka denemelisiniz.<\/p>\n\n\n\n<h3 class=\"wp-block-heading\">Banka Entegrasyonlar\u0131<\/h3>\n\n\n\n<p>T\u00fcrkiye veya MENA b\u00f6lgesinde, d\u00fc\u015f\u00fck kredi kart\u0131 komisyonlar\u0131 ile kolayca \u00fcr\u00fcnlerinin sat\u0131\u015f\u0131n\u0131 yapmak isteyen m\u00fc\u015fterilerimize sundu\u011fumuz bu hizmet sayesinde, m\u00fc\u015fteriler \u00fcr\u00fcnlerinizi kolay ve g\u00fcvenli bir \u015fekilde sat\u0131n alabilirler. Ek olarak dijital \u00fcr\u00fcnlerinizin sat\u0131\u015f\u0131n\u0131 do\u011frudan pop\u00fcler banka ve \u00f6deme kanallar\u0131na da entegre edebiliriz.<\/p>","protected":false},"excerpt":{"rendered":"<p>One of the most efficient services we provide for many companies and brands is sales consultancy. Services we provide within the scope of sales consultancy; selling digital codes, creating physical sales channels, e-commerce system integrations, and bank integrations. PIN sale We increase the sales of digital codes or pin codes offered to their users by [&hellip;]<\/p>","protected":false},"author":1,"featured_media":0,"parent":0,"menu_order":0,"comment_status":"closed","ping_status":"closed","template":"","meta":{"footnotes":""},"class_list":["post-4183","page","type-page","status-publish","hentry"],"_links":{"self":[{"href":"https:\/\/www.kreatifmedya.net\/tr\/wp-json\/wp\/v2\/pages\/4183","targetHints":{"allow":["GET"]}}],"collection":[{"href":"https:\/\/www.kreatifmedya.net\/tr\/wp-json\/wp\/v2\/pages"}],"about":[{"href":"https:\/\/www.kreatifmedya.net\/tr\/wp-json\/wp\/v2\/types\/page"}],"author":[{"embeddable":true,"href":"https:\/\/www.kreatifmedya.net\/tr\/wp-json\/wp\/v2\/users\/1"}],"replies":[{"embeddable":true,"href":"https:\/\/www.kreatifmedya.net\/tr\/wp-json\/wp\/v2\/comments?post=4183"}],"version-history":[{"count":2,"href":"https:\/\/www.kreatifmedya.net\/tr\/wp-json\/wp\/v2\/pages\/4183\/revisions"}],"predecessor-version":[{"id":4191,"href":"https:\/\/www.kreatifmedya.net\/tr\/wp-json\/wp\/v2\/pages\/4183\/revisions\/4191"}],"wp:attachment":[{"href":"https:\/\/www.kreatifmedya.net\/tr\/wp-json\/wp\/v2\/media?parent=4183"}],"curies":[{"name":"wp","href":"https:\/\/api.w.org\/{rel}","templated":true}]}}