{"id":33,"date":"2020-02-10T22:27:18","date_gmt":"2020-02-10T22:27:18","guid":{"rendered":"http:\/\/zikzag.wgl-demo.net\/?page_id=33"},"modified":"2021-10-19T19:42:30","modified_gmt":"2021-10-19T16:42:30","slug":"our-services","status":"publish","type":"page","link":"https:\/\/www.kreatifmedya.net\/tr\/our-services\/","title":{"rendered":"Servislerimiz"},"content":{"rendered":"<div data-elementor-type=\"wp-page\" data-elementor-id=\"33\" class=\"elementor elementor-33\">\n\t\t\t\t\t\t\t\t\t<section class=\"elementor-section elementor-top-section elementor-element elementor-element-cd92d38 elementor-section-boxed elementor-section-height-default elementor-section-height-default\" data-id=\"cd92d38\" data-element_type=\"section\">\n\t\t\t\t\t\t<div class=\"elementor-container elementor-column-gap-default\">\n\t\t\t\t\t<div class=\"elementor-column elementor-col-100 elementor-top-column elementor-element elementor-element-f51b955\" data-id=\"f51b955\" data-element_type=\"column\">\n\t\t\t<div class=\"elementor-widget-wrap elementor-element-populated\">\n\t\t\t\t\t\t\t\t<div class=\"elementor-element elementor-element-0596547 elementor-widget elementor-widget-spacer\" data-id=\"0596547\" data-element_type=\"widget\" data-widget_type=\"spacer.default\">\n\t\t\t\t<div class=\"elementor-widget-container\">\n\t\t\t\t\t<div class=\"elementor-spacer\">\n\t\t\t<div class=\"elementor-spacer-inner\"><\/div>\n\t\t<\/div>\n\t\t\t\t<\/div>\n\t\t\t\t<\/div>\n\t\t\t\t<div class=\"elementor-element elementor-element-1385815 acenter elementor-widget elementor-widget-wgl-double-headings\" data-id=\"1385815\" data-element_type=\"widget\" data-widget_type=\"wgl-double-headings.default\">\n\t\t\t\t<div class=\"elementor-widget-container\">\n\t\t\t<div class=\"wgl-double_heading\"><div class=\"dbl__subtitle\"><span>Neler Sunuyoruz?<\/span><\/div><h3 class=\"dbl__title-wrapper\"><span class=\"dbl__title\">\u0130\u015finiz i\u00e7in Yarat\u0131c\u0131 \u00c7\u00f6z\u00fcmler\n<\/span><\/h3><\/div>\t\t<\/div>\n\t\t\t\t<\/div>\n\t\t\t\t<div class=\"elementor-element elementor-element-9e27714 elementor-widget__width-initial elementor-widget-tablet__width-inherit elementor-widget elementor-widget-text-editor\" data-id=\"9e27714\" data-element_type=\"widget\" data-widget_type=\"text-editor.default\">\n\t\t\t\t<div class=\"elementor-widget-container\">\n\t\t\t\t\t\t\t<p><span style=\"font-weight: 400;\">Dijital pazarlama ve Influencer marketing konusunda uzman olan ekibimiz ile m\u00fc\u015fterilerimizin ihtiya\u00e7lar\u0131 do\u011frultusunda yarat\u0131c\u0131 ve efektif \u00e7\u00f6z\u00fcmler sunuyoruz.<\/span><\/p>\t\t\t\t\t\t<\/div>\n\t\t\t\t<\/div>\n\t\t\t\t<div class=\"elementor-element elementor-element-9bf0fce elementor-widget elementor-widget-spacer\" data-id=\"9bf0fce\" data-element_type=\"widget\" data-widget_type=\"spacer.default\">\n\t\t\t\t<div class=\"elementor-widget-container\">\n\t\t\t\t\t<div class=\"elementor-spacer\">\n\t\t\t<div class=\"elementor-spacer-inner\"><\/div>\n\t\t<\/div>\n\t\t\t\t<\/div>\n\t\t\t\t<\/div>\n\t\t\t\t<section class=\"elementor-section elementor-inner-section elementor-element elementor-element-77fa9ed elementor-section-full_width elementor-section-height-default elementor-section-height-default\" data-id=\"77fa9ed\" data-element_type=\"section\">\n\t\t\t\t\t\t<div class=\"elementor-container elementor-column-gap-extended\">\n\t\t\t\t\t<div class=\"elementor-column elementor-col-33 elementor-inner-column elementor-element elementor-element-1d0e49f\" data-id=\"1d0e49f\" data-element_type=\"column\">\n\t\t\t<div class=\"elementor-widget-wrap elementor-element-populated\">\n\t\t\t\t\t\t\t\t<div class=\"elementor-element elementor-element-243ed53 elementor-view-stacked animation_toggling elementor-widget-tablet__width-initial aleft has-font elementor-widget-icon-box wgl-icon-box elementor-shape-circle elementor-widget elementor-widget-wgl-info-box\" data-id=\"243ed53\" data-element_type=\"widget\" data-widget_type=\"wgl-info-box.default\">\n\t\t\t\t<div class=\"elementor-widget-container\">\n\t\t\t<a href=\"https:\/\/www.kreatifmedya.net\/tr\/business-development\/\" class=\"wgl-infobox  wgl-layout-top\"><div class=\"media-wrapper icon-wrapper\"><span class=\"wgl-icon\" ><i class=\"icon elementor-icon flaticon flaticon-business-and-finance\" aria-hidden=\"true\"><\/i><\/span><\/div><div class=\"wgl-infobox_wrapper\"><div class=\"wgl-infobox-title_wrapper\"><h3 class=\"wgl-infobox_title\">\u0130\u015f Geli\u015ftirme Hizmetleri<\/h3><\/div><div class=\"content_wrapper\"><div class=\"wgl-infobox_content\"><p><span style=\"font-weight: 400;\">Marka kimli\u011finizi belirliyor ve i\u015finizi daha iyi hale getirebilmeniz i\u00e7in size yarat\u0131c\u0131 fikirler ve \u00e7\u00f6z\u00fcmler sunuyoruz!<\/span><\/p><\/div><\/div><div class=\"wgl-infobox-button_wrapper\"><div  class=\"wgl-infobox_button button-read-more\"><i aria-hidden=\"true\" class=\"flaticon flaticon-long-next\"><\/i><\/div><\/div><\/div><\/a>\t\t<\/div>\n\t\t\t\t<\/div>\n\t\t\t\t<div class=\"elementor-element elementor-element-534664d elementor-view-stacked animation_toggling aleft has-font elementor-widget-icon-box wgl-icon-box elementor-shape-circle elementor-widget elementor-widget-wgl-info-box\" data-id=\"534664d\" data-element_type=\"widget\" data-widget_type=\"wgl-info-box.default\">\n\t\t\t\t<div class=\"elementor-widget-container\">\n\t\t\t<a href=\"https:\/\/www.kreatifmedya.net\/tr\/production-services\/\" class=\"wgl-infobox  wgl-layout-top\"><div class=\"media-wrapper icon-wrapper\"><span class=\"wgl-icon\" ><i class=\"icon elementor-icon fas fa-camera\" aria-hidden=\"true\"><\/i><\/span><\/div><div class=\"wgl-infobox_wrapper\"><div class=\"wgl-infobox-title_wrapper\"><h3 class=\"wgl-infobox_title\">Prod\u00fcksiyon Hizmetleri<\/h3><\/div><div class=\"content_wrapper\"><div class=\"wgl-infobox_content\"><p><span style=\"font-weight: 400;\">M\u00fc\u015fterilerimiz i\u00e7in reklam filmleri, video klipler, animasyonlar haz\u0131rl\u0131yoruz.<\/span><\/p><\/div><\/div><div class=\"wgl-infobox-button_wrapper\"><div  class=\"wgl-infobox_button button-read-more\"><i aria-hidden=\"true\" class=\"flaticon flaticon-long-next\"><\/i><\/div><\/div><\/div><\/a>\t\t<\/div>\n\t\t\t\t<\/div>\n\t\t\t\t\t<\/div>\n\t\t<\/div>\n\t\t\t\t<div class=\"elementor-column elementor-col-33 elementor-inner-column elementor-element elementor-element-fee4855\" data-id=\"fee4855\" data-element_type=\"column\">\n\t\t\t<div class=\"elementor-widget-wrap elementor-element-populated\">\n\t\t\t\t\t\t\t\t<div class=\"elementor-element elementor-element-8a87018 elementor-view-stacked animation_toggling elementor-widget-tablet__width-initial elementor-widget-mobile__width-inherit aleft has-font elementor-widget-icon-box wgl-icon-box elementor-shape-circle elementor-widget elementor-widget-wgl-info-box\" data-id=\"8a87018\" data-element_type=\"widget\" data-widget_type=\"wgl-info-box.default\">\n\t\t\t\t<div class=\"elementor-widget-container\">\n\t\t\t<a href=\"https:\/\/www.kreatifmedya.net\/tr\/digital-marketing\/\" class=\"wgl-infobox  wgl-layout-top\"><div class=\"media-wrapper icon-wrapper\"><span class=\"wgl-icon\" ><i class=\"icon elementor-icon flaticon flaticon-graphic\" aria-hidden=\"true\"><\/i><\/span><\/div><div class=\"wgl-infobox_wrapper\"><div class=\"wgl-infobox-title_wrapper\"><h3 class=\"wgl-infobox_title\">Dijital Pazarlama<\/h3><\/div><div class=\"content_wrapper\"><div class=\"wgl-infobox_content\"><p><span style=\"font-weight: 400;\">Markan\u0131z\u0131 arama motorlar\u0131nda, web sitelerinde, sosyal medyada, e-postayla ve di\u011fer t\u00fcm dijital mecralarda tan\u0131t\u0131yoruz.<\/span><\/p><\/div><\/div><div class=\"wgl-infobox-button_wrapper\"><div  class=\"wgl-infobox_button button-read-more\"><i aria-hidden=\"true\" class=\"flaticon flaticon-long-next\"><\/i><\/div><\/div><\/div><\/a>\t\t<\/div>\n\t\t\t\t<\/div>\n\t\t\t\t<div class=\"elementor-element elementor-element-450505a elementor-view-stacked animation_toggling aleft has-font elementor-widget-icon-box wgl-icon-box elementor-shape-circle elementor-widget elementor-widget-wgl-info-box\" data-id=\"450505a\" data-element_type=\"widget\" data-widget_type=\"wgl-info-box.default\">\n\t\t\t\t<div class=\"elementor-widget-container\">\n\t\t\t<a href=\"https:\/\/www.kreatifmedya.net\/tr\/field-operations\/\" class=\"wgl-infobox  wgl-layout-top\"><div class=\"media-wrapper icon-wrapper\"><span class=\"wgl-icon\" ><i class=\"icon elementor-icon fas fa-broadcast-tower\" aria-hidden=\"true\"><\/i><\/span><\/div><div class=\"wgl-infobox_wrapper\"><div class=\"wgl-infobox-title_wrapper\"><h3 class=\"wgl-infobox_title\">Saha Operasyonlar\u0131: <\/h3><\/div><div class=\"content_wrapper\"><div class=\"wgl-infobox_content\"><p>M\u00fc\u015fterilerimiz i\u00e7in etkinlik, toplant\u0131 ve fuarlar d\u00fczenliyor, onlar i\u00e7in t\u00fcm s\u00fcreci takip ediyoruz.<\/p><\/div><\/div><div class=\"wgl-infobox-button_wrapper\"><div  class=\"wgl-infobox_button button-read-more\"><i aria-hidden=\"true\" class=\"flaticon flaticon-long-next\"><\/i><\/div><\/div><\/div><\/a>\t\t<\/div>\n\t\t\t\t<\/div>\n\t\t\t\t\t<\/div>\n\t\t<\/div>\n\t\t\t\t<div class=\"elementor-column elementor-col-33 elementor-inner-column elementor-element elementor-element-7405524\" data-id=\"7405524\" data-element_type=\"column\">\n\t\t\t<div class=\"elementor-widget-wrap elementor-element-populated\">\n\t\t\t\t\t\t\t\t<div class=\"elementor-element elementor-element-783ba4b elementor-view-stacked animation_toggling aleft has-font elementor-widget-icon-box wgl-icon-box elementor-shape-circle elementor-widget elementor-widget-wgl-info-box\" data-id=\"783ba4b\" data-element_type=\"widget\" data-widget_type=\"wgl-info-box.default\">\n\t\t\t\t<div class=\"elementor-widget-container\">\n\t\t\t<a href=\"https:\/\/www.kreatifmedya.net\/tr\/localization-dubbing\/\" class=\"wgl-infobox  wgl-layout-top\"><div class=\"media-wrapper icon-wrapper\"><span class=\"wgl-icon\" ><i class=\"icon elementor-icon fas fa-location-arrow\" aria-hidden=\"true\"><\/i><\/span><\/div><div class=\"wgl-infobox_wrapper\"><div class=\"wgl-infobox-title_wrapper\"><h3 class=\"wgl-infobox_title\">Yerelle\u015ftirme &amp; Seslendirme<\/h3><\/div><div class=\"content_wrapper\"><div class=\"wgl-infobox_content\"><p><span style=\"font-weight: 400;\">Herhangi bir metin profesyoneller taraf\u0131ndan \u00e7evrilir ve seslendirme i\u00e7in en iyi seslendirme sanat\u00e7\u0131lar\u0131 ile \u00e7al\u0131\u015f\u0131yoruz.<\/span><\/p><\/div><\/div><div class=\"wgl-infobox-button_wrapper\"><div  class=\"wgl-infobox_button button-read-more\"><i aria-hidden=\"true\" class=\"flaticon flaticon-long-next\"><\/i><\/div><\/div><\/div><\/a>\t\t<\/div>\n\t\t\t\t<\/div>\n\t\t\t\t<div class=\"elementor-element elementor-element-8c7dff2 elementor-view-stacked animation_toggling elementor-widget-tablet__width-initial elementor-widget-mobile__width-inherit aleft has-font elementor-widget-icon-box wgl-icon-box elementor-shape-circle elementor-widget elementor-widget-wgl-info-box\" data-id=\"8c7dff2\" data-element_type=\"widget\" data-widget_type=\"wgl-info-box.default\">\n\t\t\t\t<div class=\"elementor-widget-container\">\n\t\t\t<a href=\"https:\/\/www.kreatifmedya.net\/tr\/sales-consultancy\/\" class=\"wgl-infobox  wgl-layout-top\"><div class=\"media-wrapper icon-wrapper\"><span class=\"wgl-icon\" ><i class=\"icon elementor-icon flaticon flaticon-payment\" aria-hidden=\"true\"><\/i><\/span><\/div><div class=\"wgl-infobox_wrapper\"><div class=\"wgl-infobox-title_wrapper\"><h3 class=\"wgl-infobox_title\">Sat\u0131\u015f Dan\u0131\u015fmanl\u0131\u011f\u0131<\/h3><\/div><div class=\"content_wrapper\"><div class=\"wgl-infobox_content\"><p><span style=\"font-weight: 400;\">Dijital \u00fcr\u00fcn kodlar\u0131n\u0131z\u0131n sat\u0131\u015f\u0131n\u0131 art\u0131rmak i\u00e7in yarat\u0131c\u0131 \u00e7\u00f6z\u00fcmler sunuyoruz.<\/span><\/p><\/div><\/div><div class=\"wgl-infobox-button_wrapper\"><div  class=\"wgl-infobox_button button-read-more\"><i aria-hidden=\"true\" class=\"flaticon flaticon-long-next\"><\/i><\/div><\/div><\/div><\/a>\t\t<\/div>\n\t\t\t\t<\/div>\n\t\t\t\t\t<\/div>\n\t\t<\/div>\n\t\t\t\t\t\t\t<\/div>\n\t\t<\/section>\n\t\t\t\t<div class=\"elementor-element elementor-element-70d6e72 elementor-widget elementor-widget-spacer\" data-id=\"70d6e72\" data-element_type=\"widget\" data-widget_type=\"spacer.default\">\n\t\t\t\t<div class=\"elementor-widget-container\">\n\t\t\t\t\t<div class=\"elementor-spacer\">\n\t\t\t<div class=\"elementor-spacer-inner\"><\/div>\n\t\t<\/div>\n\t\t\t\t<\/div>\n\t\t\t\t<\/div>\n\t\t\t\t\t<\/div>\n\t\t<\/div>\n\t\t\t\t\t\t\t<\/div>\n\t\t<\/section>\n\t\t\t\t<section class=\"elementor-section elementor-top-section elementor-element elementor-element-a1335b7 elementor-section-boxed elementor-section-height-default elementor-section-height-default\" data-id=\"a1335b7\" data-element_type=\"section\">\n\t\t\t\t\t\t<div class=\"elementor-container elementor-column-gap-default\">\n\t\t\t\t\t<div class=\"elementor-column elementor-col-33 elementor-top-column elementor-element elementor-element-9a040f3\" data-id=\"9a040f3\" data-element_type=\"column\">\n\t\t\t<div class=\"elementor-widget-wrap elementor-element-populated\">\n\t\t\t\t\t\t\t\t<div class=\"elementor-element elementor-element-1646be5 elementor-widget elementor-widget-spacer\" data-id=\"1646be5\" data-element_type=\"widget\" data-widget_type=\"spacer.default\">\n\t\t\t\t<div class=\"elementor-widget-container\">\n\t\t\t\t\t<div class=\"elementor-spacer\">\n\t\t\t<div class=\"elementor-spacer-inner\"><\/div>\n\t\t<\/div>\n\t\t\t\t<\/div>\n\t\t\t\t<\/div>\n\t\t\t\t<div class=\"elementor-element elementor-element-40bb0d9 aleft has-font elementor-widget-icon-box wgl-icon-box elementor-view-default btn_position-right elementor-widget elementor-widget-wgl-info-box\" data-id=\"40bb0d9\" data-element_type=\"widget\" data-widget_type=\"wgl-info-box.default\">\n\t\t\t\t<div class=\"elementor-widget-container\">\n\t\t\t<a  class=\"wgl-infobox  wgl-layout-left\"><div class=\"media-wrapper icon-wrapper\"><span class=\"wgl-icon\" ><i class=\"icon elementor-icon fas fa-search\" aria-hidden=\"true\"><\/i><\/span><\/div><div class=\"wgl-infobox_wrapper\"><div class=\"wgl-infobox-title_wrapper\"><h3 class=\"wgl-infobox_title\">Ara\u015ft\u0131rma<\/h3><\/div><div class=\"content_wrapper\"><div class=\"wgl-infobox_content\"><p>Gerekli t\u00fcm bilgileri topluyor ve dijital pazarlama ara\u015ft\u0131rman\u0131z\u0131 yap\u0131yoruz.<\/p><\/div><\/div><div class=\"wgl-infobox-button_wrapper\"><div  class=\"wgl-infobox_button button-read-more\"><i aria-hidden=\"true\" class=\"flaticon flaticon-next-bottom\"><\/i><\/div><\/div><\/div><\/a>\t\t<\/div>\n\t\t\t\t<\/div>\n\t\t\t\t<div class=\"elementor-element elementor-element-db2a1f1 aleft has-font elementor-widget-icon-box wgl-icon-box elementor-view-default btn_position-right elementor-widget elementor-widget-wgl-info-box\" data-id=\"db2a1f1\" data-element_type=\"widget\" data-widget_type=\"wgl-info-box.default\">\n\t\t\t\t<div class=\"elementor-widget-container\">\n\t\t\t<a  class=\"wgl-infobox  wgl-layout-left\"><div class=\"media-wrapper icon-wrapper\"><span class=\"wgl-icon\" ><i class=\"icon elementor-icon far fa-edit\" aria-hidden=\"true\"><\/i><\/span><\/div><div class=\"wgl-infobox_wrapper\"><div class=\"wgl-infobox-title_wrapper\"><h3 class=\"wgl-infobox_title\">\u00dcretim<\/h3><\/div><div class=\"content_wrapper\"><div class=\"wgl-infobox_content\"><p>Ara\u015ft\u0131rma ve planlama tamamland\u0131ktan sonra pazarlama kampanyalar\u0131n\u0131z olu\u015fturulmaya ba\u015flan\u0131r.<\/p><\/div><\/div><div class=\"wgl-infobox-button_wrapper\"><div  class=\"wgl-infobox_button button-read-more\"><i aria-hidden=\"true\" class=\"flaticon flaticon-next-bottom\"><\/i><\/div><\/div><\/div><\/a>\t\t<\/div>\n\t\t\t\t<\/div>\n\t\t\t\t<div class=\"elementor-element elementor-element-e5e3bef aleft has-font elementor-widget-icon-box wgl-icon-box elementor-view-default btn_position-right elementor-widget elementor-widget-wgl-info-box\" data-id=\"e5e3bef\" data-element_type=\"widget\" data-widget_type=\"wgl-info-box.default\">\n\t\t\t\t<div class=\"elementor-widget-container\">\n\t\t\t<a  class=\"wgl-infobox  wgl-layout-left\"><div class=\"media-wrapper icon-wrapper\"><span class=\"wgl-icon\" ><i class=\"icon elementor-icon flaticon flaticon-graphic\" aria-hidden=\"true\"><\/i><\/span><\/div><div class=\"wgl-infobox_wrapper\"><div class=\"wgl-infobox-title_wrapper\"><h3 class=\"wgl-infobox_title\">Tan\u0131t\u0131m<\/h3><\/div><div class=\"content_wrapper\"><div class=\"wgl-infobox_content\"><p>\u0130\u00e7erikleriniz farkl\u0131 dijital pazarlama kanallar\u0131 arac\u0131l\u0131\u011f\u0131yla tan\u0131t\u0131lmaya ba\u015flar.<\/p><\/div><\/div><div class=\"wgl-infobox-button_wrapper\"><div  class=\"wgl-infobox_button button-read-more\"><i aria-hidden=\"true\" class=\"flaticon flaticon-next-bottom\"><\/i><\/div><\/div><\/div><\/a>\t\t<\/div>\n\t\t\t\t<\/div>\n\t\t\t\t\t<\/div>\n\t\t<\/div>\n\t\t\t\t<div class=\"elementor-column elementor-col-33 elementor-top-column elementor-element elementor-element-ca9e41e\" data-id=\"ca9e41e\" data-element_type=\"column\">\n\t\t\t<div class=\"elementor-widget-wrap elementor-element-populated\">\n\t\t\t\t\t\t\t\t<div class=\"elementor-element elementor-element-1788987 elementor-widget elementor-widget-wgl-image-layers\" data-id=\"1788987\" data-element_type=\"widget\" data-widget_type=\"wgl-image-layers.default\">\n\t\t\t\t<div class=\"elementor-widget-container\">\n\t\t\t<div class=\"wgl-image-layers\"><div class=\"img-layer_image-wrapper slide_up\" style=\"z-index: 10\">\r\n                <div class=\"img-layer_item\" style=\"transform: translate(0%, 0%);\">\r\n                    <div class=\"img-layer_image\" style=\"transition: all 800ms; transition-delay: 600ms;\">\r\n                        <img decoding=\"async\" src=\"https:\/\/www.kreatifmedya.net\/wp-content\/uploads\/2021\/04\/our-services-team.png\" alt=\"our-services-team\" \/>\r\n                    <\/div>\r\n                <\/div>\r\n            <\/div> <div class=\"img-layer_image-wrapper zoom_in\" style=\"z-index: 1\">\r\n                <div class=\"img-layer_item\" style=\"transform: translate(0%, 0%);\">\r\n                    <div class=\"img-layer_image\" style=\"transition: all 800ms; transition-delay: 1200ms;\">\r\n                        <img decoding=\"async\" src=\"https:\/\/www.kreatifmedya.net\/wp-content\/uploads\/2020\/02\/image-layers-3-02.png\" alt=\"image-layers-3-02\" \/>\r\n                    <\/div>\r\n                <\/div>\r\n            <\/div> <div class=\"img-layer_image-wrapper zoom_in\" style=\"z-index: 1\">\r\n                <div class=\"img-layer_item\" style=\"transform: translate(0%, 0%);\">\r\n                    <div class=\"img-layer_image\" style=\"transition: all 800ms; transition-delay: 1800ms;\">\r\n                        <img decoding=\"async\" src=\"https:\/\/www.kreatifmedya.net\/wp-content\/uploads\/2020\/02\/image-layers-3-03.png\" alt=\"image-layers-3-03\" \/>\r\n                    <\/div>\r\n                <\/div>\r\n            <\/div> <div class=\"img-layer_image-wrapper zoom_in\" style=\"z-index: 1\">\r\n                <div class=\"img-layer_item\" style=\"transform: translate(0%, 0%);\">\r\n                    <div class=\"img-layer_image\" style=\"transition: all 800ms; transition-delay: 2400ms;\">\r\n                        <img decoding=\"async\" src=\"https:\/\/www.kreatifmedya.net\/wp-content\/uploads\/2020\/02\/image-layers-3-04.png\" alt=\"image-layers-3-04\" \/>\r\n                    <\/div>\r\n                <\/div>\r\n            <\/div> <div class=\"img-layer_image-wrapper zoom_in\" style=\"z-index: 1\">\r\n                <div class=\"img-layer_item\" style=\"transform: translate(0%, 0%);\">\r\n                    <div class=\"img-layer_image\" style=\"transition: all 800ms; transition-delay: 3000ms;\">\r\n                        <img decoding=\"async\" src=\"https:\/\/www.kreatifmedya.net\/wp-content\/uploads\/2020\/02\/image-layers-3-05.png\" alt=\"image-layers-3-05\" \/>\r\n                    <\/div>\r\n                <\/div>\r\n            <\/div> <div class=\"img-layer_image-wrapper zoom_in\" style=\"z-index: 1\">\r\n                <div class=\"img-layer_item\" style=\"transform: translate(0%, 0%);\">\r\n                    <div class=\"img-layer_image\" style=\"transition: all 800ms; transition-delay: 3600ms;\">\r\n                        <img decoding=\"async\" src=\"https:\/\/www.kreatifmedya.net\/wp-content\/uploads\/2020\/02\/image-layers-3-06.png\" alt=\"image-layers-3-06\" \/>\r\n                    <\/div>\r\n                <\/div>\r\n            <\/div> <\/div>\t\t<\/div>\n\t\t\t\t<\/div>\n\t\t\t\t\t<\/div>\n\t\t<\/div>\n\t\t\t\t<div class=\"elementor-column elementor-col-33 elementor-top-column elementor-element elementor-element-f3b8ee5\" data-id=\"f3b8ee5\" data-element_type=\"column\">\n\t\t\t<div class=\"elementor-widget-wrap elementor-element-populated\">\n\t\t\t\t\t\t\t\t<div class=\"elementor-element elementor-element-df2cf27 elementor-widget elementor-widget-spacer\" data-id=\"df2cf27\" data-element_type=\"widget\" data-widget_type=\"spacer.default\">\n\t\t\t\t<div class=\"elementor-widget-container\">\n\t\t\t\t\t<div class=\"elementor-spacer\">\n\t\t\t<div class=\"elementor-spacer-inner\"><\/div>\n\t\t<\/div>\n\t\t\t\t<\/div>\n\t\t\t\t<\/div>\n\t\t\t\t<div class=\"elementor-element elementor-element-6faaee8 aleft has-font elementor-widget-icon-box wgl-icon-box elementor-view-default btn_position-right elementor-widget elementor-widget-wgl-info-box\" data-id=\"6faaee8\" data-element_type=\"widget\" data-widget_type=\"wgl-info-box.default\">\n\t\t\t\t<div class=\"elementor-widget-container\">\n\t\t\t<a  class=\"wgl-infobox  wgl-layout-left\"><div class=\"media-wrapper icon-wrapper\"><span class=\"wgl-icon\" ><i class=\"icon elementor-icon flaticon flaticon-idea\" aria-hidden=\"true\"><\/i><\/span><\/div><div class=\"wgl-infobox_wrapper\"><div class=\"wgl-infobox-title_wrapper\"><h3 class=\"wgl-infobox_title\">Strateji ve Planlama<\/h3><\/div><div class=\"content_wrapper\"><div class=\"wgl-infobox_content\"><p>Ara\u015ft\u0131rmalar sonras\u0131nda stratejiye karar veriyor ve gerekli planlamay\u0131 yap\u0131yoruz.<\/p><\/div><\/div><div class=\"wgl-infobox-button_wrapper\"><div  class=\"wgl-infobox_button button-read-more\"><i aria-hidden=\"true\" class=\"flaticon flaticon-next-bottom\"><\/i><\/div><\/div><\/div><\/a>\t\t<\/div>\n\t\t\t\t<\/div>\n\t\t\t\t<div class=\"elementor-element elementor-element-4a6421f aleft has-font elementor-widget-icon-box wgl-icon-box elementor-view-default btn_position-right elementor-widget elementor-widget-wgl-info-box\" data-id=\"4a6421f\" data-element_type=\"widget\" data-widget_type=\"wgl-info-box.default\">\n\t\t\t\t<div class=\"elementor-widget-container\">\n\t\t\t<a  class=\"wgl-infobox  wgl-layout-left\"><div class=\"media-wrapper icon-wrapper\"><span class=\"wgl-icon\" ><i class=\"icon elementor-icon far fa-newspaper\" aria-hidden=\"true\"><\/i><\/span><\/div><div class=\"wgl-infobox_wrapper\"><div class=\"wgl-infobox-title_wrapper\"><h3 class=\"wgl-infobox_title\">Yay\u0131nlama<\/h3><\/div><div class=\"content_wrapper\"><div class=\"wgl-infobox_content\"><p>T\u00fcm i\u00e7erik haz\u0131rland\u0131ktan sonra kampanyalar\u0131n\u0131z ilgili platformlarda yay\u0131nlanmaya ba\u015flar.<\/p><\/div><\/div><div class=\"wgl-infobox-button_wrapper\"><div  class=\"wgl-infobox_button button-read-more\"><i aria-hidden=\"true\" class=\"flaticon flaticon-next-bottom\"><\/i><\/div><\/div><\/div><\/a>\t\t<\/div>\n\t\t\t\t<\/div>\n\t\t\t\t<div class=\"elementor-element elementor-element-f6a3b9a aleft has-font elementor-widget-icon-box wgl-icon-box elementor-view-default btn_position-right elementor-widget elementor-widget-wgl-info-box\" data-id=\"f6a3b9a\" data-element_type=\"widget\" data-widget_type=\"wgl-info-box.default\">\n\t\t\t\t<div class=\"elementor-widget-container\">\n\t\t\t<a  class=\"wgl-infobox  wgl-layout-left\"><div class=\"media-wrapper icon-wrapper\"><span class=\"wgl-icon\" ><i class=\"icon elementor-icon flaticon flaticon-goal\" aria-hidden=\"true\"><\/i><\/span><\/div><div class=\"wgl-infobox_wrapper\"><div class=\"wgl-infobox-title_wrapper\"><h3 class=\"wgl-infobox_title\">Analiz ve Raporlama<\/h3><\/div><div class=\"content_wrapper\"><div class=\"wgl-infobox_content\"><p>Reklam\u0131n sonu\u00e7lar\u0131 analiz edilir ve raporlar m\u00fc\u015fteri ile payla\u015f\u0131l\u0131r.<\/p><\/div><\/div><div class=\"wgl-infobox-button_wrapper\"><div  class=\"wgl-infobox_button button-read-more\"><i aria-hidden=\"true\" class=\"flaticon flaticon-next-bottom\"><\/i><\/div><\/div><\/div><\/a>\t\t<\/div>\n\t\t\t\t<\/div>\n\t\t\t\t\t<\/div>\n\t\t<\/div>\n\t\t\t\t\t\t\t<\/div>\n\t\t<\/section>\n\t\t\t\t<section class=\"elementor-section elementor-top-section elementor-element elementor-element-17e3800 elementor-section-boxed elementor-section-height-default elementor-section-height-default\" data-id=\"17e3800\" data-element_type=\"section\">\n\t\t\t\t\t\t<div class=\"elementor-container elementor-column-gap-default\">\n\t\t\t\t\t<div class=\"elementor-column elementor-col-100 elementor-top-column elementor-element elementor-element-5bef19c\" data-id=\"5bef19c\" data-element_type=\"column\">\n\t\t\t<div class=\"elementor-widget-wrap elementor-element-populated\">\n\t\t\t\t\t\t\t\t<div class=\"elementor-element elementor-element-86fd5f9 elementor-widget elementor-widget-spacer\" data-id=\"86fd5f9\" data-element_type=\"widget\" data-widget_type=\"spacer.default\">\n\t\t\t\t<div class=\"elementor-widget-container\">\n\t\t\t\t\t<div class=\"elementor-spacer\">\n\t\t\t<div class=\"elementor-spacer-inner\"><\/div>\n\t\t<\/div>\n\t\t\t\t<\/div>\n\t\t\t\t<\/div>\n\t\t\t\t\t<\/div>\n\t\t<\/div>\n\t\t\t\t\t\t\t<\/div>\n\t\t<\/section>\n\t\t\t\t\t\t\t<\/div>","protected":false},"excerpt":{"rendered":"<p>what we offer Creative Solutions for Your Business We are experts in both digital marketing and influencer marketing, and we use all of our skills to create the perfect &amp; creative solution for each customer\u2019s needs. Business Development We are defining your brand ID and offer creative ideas and solutions to make your business better! [&hellip;]<\/p>","protected":false},"author":1,"featured_media":0,"parent":0,"menu_order":0,"comment_status":"closed","ping_status":"closed","template":"","meta":{"footnotes":""},"class_list":["post-33","page","type-page","status-publish","hentry"],"_links":{"self":[{"href":"https:\/\/www.kreatifmedya.net\/tr\/wp-json\/wp\/v2\/pages\/33","targetHints":{"allow":["GET"]}}],"collection":[{"href":"https:\/\/www.kreatifmedya.net\/tr\/wp-json\/wp\/v2\/pages"}],"about":[{"href":"https:\/\/www.kreatifmedya.net\/tr\/wp-json\/wp\/v2\/types\/page"}],"author":[{"embeddable":true,"href":"https:\/\/www.kreatifmedya.net\/tr\/wp-json\/wp\/v2\/users\/1"}],"replies":[{"embeddable":true,"href":"https:\/\/www.kreatifmedya.net\/tr\/wp-json\/wp\/v2\/comments?post=33"}],"version-history":[{"count":38,"href":"https:\/\/www.kreatifmedya.net\/tr\/wp-json\/wp\/v2\/pages\/33\/revisions"}],"predecessor-version":[{"id":4257,"href":"https:\/\/www.kreatifmedya.net\/tr\/wp-json\/wp\/v2\/pages\/33\/revisions\/4257"}],"wp:attachment":[{"href":"https:\/\/www.kreatifmedya.net\/tr\/wp-json\/wp\/v2\/media?parent=33"}],"curies":[{"name":"wp","href":"https:\/\/api.w.org\/{rel}","templated":true}]}}