{"id":21,"date":"2020-02-10T22:19:10","date_gmt":"2020-02-10T22:19:10","guid":{"rendered":"http:\/\/zikzag.wgl-demo.net\/?page_id=21"},"modified":"2021-11-05T13:25:38","modified_gmt":"2021-11-05T10:25:38","slug":"contacts","status":"publish","type":"page","link":"https:\/\/www.kreatifmedya.net\/tr\/contacts\/","title":{"rendered":"\u0130leti\u015fim"},"content":{"rendered":"<div data-elementor-type=\"wp-page\" data-elementor-id=\"21\" class=\"elementor elementor-21\">\n\t\t\t\t\t\t\t\t\t<section class=\"elementor-section elementor-top-section elementor-element elementor-element-9d335cc elementor-section-content-middle elementor-section-boxed elementor-section-height-default elementor-section-height-default\" data-id=\"9d335cc\" data-element_type=\"section\">\n\t\t\t\t\t\t<div class=\"elementor-container elementor-column-gap-no\">\n\t\t\t\t\t<div class=\"elementor-column elementor-col-50 elementor-top-column elementor-element elementor-element-77cf260\" data-id=\"77cf260\" data-element_type=\"column\">\n\t\t\t<div class=\"elementor-widget-wrap elementor-element-populated\">\n\t\t\t\t\t\t\t\t<div class=\"elementor-element elementor-element-a45e8a7 elementor-widget elementor-widget-wgl-image-animate\" data-id=\"a45e8a7\" data-element_type=\"widget\" data-widget_type=\"wgl-image-animate.default\">\n\t\t\t\t<div class=\"elementor-widget-container\">\n\t\t\t<div class=\"wgl-image-animate\"><div class=\"img-layer_image-wrapper none\" style=\"z-index: 1\">\r\n                <div class=\"img-layer_item\" style=\"transform: translate(0%, 0%);\">\r\n                    <div class=\"img-layer_image\" style=\"animation-duration: 2s;\">\r\n                        <img decoding=\"async\" src=\"https:\/\/www.kreatifmedya.net\/wp-content\/uploads\/2020\/02\/contacts_01-1.png\" alt=\"contacts_01-1\" \/>\r\n                    <\/div>\r\n                <\/div>\r\n            <\/div> <div class=\"img-layer_image-wrapper left_right\" style=\"z-index: 1\">\r\n                <div class=\"img-layer_item\" style=\"transform: translate(0%, 0%);\">\r\n                    <div class=\"img-layer_image\" style=\"animation-duration: 4s;\">\r\n                        <img decoding=\"async\" src=\"https:\/\/www.kreatifmedya.net\/wp-content\/uploads\/2020\/02\/contacts_01-2.png\" alt=\"contacts_01-2\" \/>\r\n                    <\/div>\r\n                <\/div>\r\n            <\/div> <div class=\"img-layer_image-wrapper up_down\" style=\"z-index: 1\">\r\n                <div class=\"img-layer_item\" style=\"transform: translate(0%, 0%);\">\r\n                    <div class=\"img-layer_image\" style=\"animation-duration: 3s;\">\r\n                        <img decoding=\"async\" src=\"https:\/\/www.kreatifmedya.net\/wp-content\/uploads\/2020\/02\/contacts_01-3.png\" alt=\"contacts_01-3\" \/>\r\n                    <\/div>\r\n                <\/div>\r\n            <\/div> <div class=\"img-layer_image-wrapper up_down\" style=\"z-index: 1\">\r\n                <div class=\"img-layer_item\" style=\"transform: translate(0%, 0%);\">\r\n                    <div class=\"img-layer_image\" style=\"animation-duration: 3.5s;\">\r\n                        <img decoding=\"async\" src=\"https:\/\/www.kreatifmedya.net\/wp-content\/uploads\/2020\/02\/contacts_01-4.png\" alt=\"contacts_01-4\" \/>\r\n                    <\/div>\r\n                <\/div>\r\n            <\/div> <div class=\"img-layer_image-wrapper up_down\" style=\"z-index: 1\">\r\n                <div class=\"img-layer_item\" style=\"transform: translate(0%, 0%);\">\r\n                    <div class=\"img-layer_image\" style=\"animation-duration: 4s;\">\r\n                        <img decoding=\"async\" src=\"https:\/\/www.kreatifmedya.net\/wp-content\/uploads\/2020\/02\/contacts_01-5.png\" alt=\"contacts_01-5\" \/>\r\n                    <\/div>\r\n                <\/div>\r\n            <\/div> <\/div>\t\t<\/div>\n\t\t\t\t<\/div>\n\t\t\t\t\t<\/div>\n\t\t<\/div>\n\t\t\t\t<div class=\"elementor-column elementor-col-50 elementor-top-column elementor-element elementor-element-2c12f00\" data-id=\"2c12f00\" data-element_type=\"column\">\n\t\t\t<div class=\"elementor-widget-wrap elementor-element-populated\">\n\t\t\t\t\t\t\t\t<div class=\"elementor-element elementor-element-983de67 aleft elementor-widget elementor-widget-wgl-double-headings\" data-id=\"983de67\" data-element_type=\"widget\" data-widget_type=\"wgl-double-headings.default\">\n\t\t\t\t<div class=\"elementor-widget-container\">\n\t\t\t<div class=\"wgl-double_heading\"><div class=\"dbl__subtitle\"><span>biza ula\u015f\u0131n<\/span><\/div><h3 class=\"dbl__title-wrapper\"><span class=\"dbl__title\">\u0130leti\u015fime Ge\u00e7in<\/span><\/h3><\/div>\t\t<\/div>\n\t\t\t\t<\/div>\n\t\t\t\t<div class=\"elementor-element elementor-element-df030ad elementor-widget elementor-widget-text-editor\" data-id=\"df030ad\" data-element_type=\"widget\" data-widget_type=\"text-editor.default\">\n\t\t\t\t<div class=\"elementor-widget-container\">\n\t\t\t\t\t\t\t<div class=\"elementor-element elementor-element-d402fd3 elementor-widget__width-initial elementor-widget elementor-widget-text-editor\" data-id=\"d402fd3\" data-element_type=\"widget\" data-widget_type=\"text-editor.default\"><div class=\"elementor-widget-container\"><p><span>Dijital pazarlama ihtiya\u00e7lar\u0131n\u0131z\u0131 g\u00f6r\u00fc\u015fmek i\u00e7in bizimle ileti\u015fime ge\u00e7ebilirsiniz. L\u00fctfen bizi aray\u0131n veya bir e-posta g\u00f6nderin, size en k\u0131sa s\u00fcrede geri d\u00f6nece\u011fiz.<\/span><\/p><\/div><\/div>\t\t\t\t\t\t<\/div>\n\t\t\t\t<\/div>\n\t\t\t\t<div class=\"elementor-element elementor-element-be7b5c1 elementor-view-stacked aleft has-font elementor-widget-icon-box wgl-icon-box elementor-shape-circle elementor-widget elementor-widget-wgl-info-box\" data-id=\"be7b5c1\" data-element_type=\"widget\" data-widget_type=\"wgl-info-box.default\">\n\t\t\t\t<div class=\"elementor-widget-container\">\n\t\t\t<a  class=\"wgl-infobox  wgl-layout-left\"><div class=\"media-wrapper icon-wrapper\"><span class=\"wgl-icon\" ><i class=\"icon elementor-icon flaticon flaticon-placeholder\" aria-hidden=\"true\"><\/i><\/span><\/div><div class=\"wgl-infobox_wrapper\"><div class=\"wgl-infobox-title_wrapper\"><\/div><div class=\"content_wrapper\"><div class=\"wgl-infobox_content\"><p style=\"font-weight: 800; color: #222222; margin-bottom: 0px;\">Bizi Ziyaret Edin:<\/p><div class=\"wgl-infobox_wrapper\"><div class=\"content_wrapper\"><div class=\"wgl-infobox_content\"><p><span>Beyazevler Mah. 544 Sokak No:31 Gaziemir \/ \u0130ZM\u0130R<\/span><\/p><\/div><\/div><\/div><\/div><\/div><\/div><\/a>\t\t<\/div>\n\t\t\t\t<\/div>\n\t\t\t\t<div class=\"elementor-element elementor-element-781e604 elementor-widget elementor-widget-spacer\" data-id=\"781e604\" data-element_type=\"widget\" data-widget_type=\"spacer.default\">\n\t\t\t\t<div class=\"elementor-widget-container\">\n\t\t\t\t\t<div class=\"elementor-spacer\">\n\t\t\t<div class=\"elementor-spacer-inner\"><\/div>\n\t\t<\/div>\n\t\t\t\t<\/div>\n\t\t\t\t<\/div>\n\t\t\t\t<div class=\"elementor-element elementor-element-a7ccedd elementor-view-stacked aleft has-font elementor-widget-icon-box wgl-icon-box elementor-shape-circle elementor-widget elementor-widget-wgl-info-box\" data-id=\"a7ccedd\" data-element_type=\"widget\" data-widget_type=\"wgl-info-box.default\">\n\t\t\t\t<div class=\"elementor-widget-container\">\n\t\t\t<a href=\"mailto:info@kreatifmedya.net\" class=\"wgl-infobox  wgl-layout-left\"><div class=\"media-wrapper icon-wrapper\"><span class=\"wgl-icon\" ><i class=\"icon elementor-icon flaticon flaticon-email\" aria-hidden=\"true\"><\/i><\/span><\/div><div class=\"wgl-infobox_wrapper\"><div class=\"wgl-infobox-title_wrapper\"><\/div><div class=\"content_wrapper\"><div class=\"wgl-infobox_content\"><p style=\"font-weight: 800; color: #222222; margin-bottom: 0px;\">Bize E-Posta At\u0131n:<\/p><div class=\"wgl-infobox_wrapper\"><div class=\"content_wrapper\"><div class=\"wgl-infobox_content\"><p>info@kreatifmedya.net<\/p><\/div><\/div><\/div><\/div><\/div><\/div><\/a>\t\t<\/div>\n\t\t\t\t<\/div>\n\t\t\t\t<div class=\"elementor-element elementor-element-f34f5cc elementor-widget elementor-widget-spacer\" data-id=\"f34f5cc\" data-element_type=\"widget\" data-widget_type=\"spacer.default\">\n\t\t\t\t<div class=\"elementor-widget-container\">\n\t\t\t\t\t<div class=\"elementor-spacer\">\n\t\t\t<div class=\"elementor-spacer-inner\"><\/div>\n\t\t<\/div>\n\t\t\t\t<\/div>\n\t\t\t\t<\/div>\n\t\t\t\t<div class=\"elementor-element elementor-element-b493351 elementor-view-stacked aleft has-font elementor-widget-icon-box wgl-icon-box elementor-shape-circle elementor-widget elementor-widget-wgl-info-box\" data-id=\"b493351\" data-element_type=\"widget\" data-widget_type=\"wgl-info-box.default\">\n\t\t\t\t<div class=\"elementor-widget-container\">\n\t\t\t<a href=\"tel: 905385064029\" class=\"wgl-infobox  wgl-layout-left\"><div class=\"media-wrapper icon-wrapper\"><span class=\"wgl-icon\" ><i class=\"icon elementor-icon flaticon flaticon-phone-call\" aria-hidden=\"true\"><\/i><\/span><\/div><div class=\"wgl-infobox_wrapper\"><div class=\"wgl-infobox-title_wrapper\"><\/div><div class=\"content_wrapper\"><div class=\"wgl-infobox_content\"><p style=\"font-weight: 800; color: #222222; margin-bottom: 0px;\">Bizi Aray\u0131n:<\/p><p>+ (90) 538 506 4029<\/p><\/div><\/div><\/div><\/a>\t\t<\/div>\n\t\t\t\t<\/div>\n\t\t\t\t\t<\/div>\n\t\t<\/div>\n\t\t\t\t\t\t\t<\/div>\n\t\t<\/section>\n\t\t\t\t<section class=\"elementor-section elementor-top-section elementor-element elementor-element-05ed0bb elementor-section-boxed elementor-section-height-default elementor-section-height-default\" data-id=\"05ed0bb\" data-element_type=\"section\">\n\t\t\t\t\t\t<div class=\"elementor-container elementor-column-gap-default\">\n\t\t\t\t\t<div class=\"elementor-column elementor-col-100 elementor-top-column elementor-element elementor-element-286f665\" data-id=\"286f665\" data-element_type=\"column\">\n\t\t\t<div class=\"elementor-widget-wrap elementor-element-populated\">\n\t\t\t\t\t\t\t\t<div class=\"elementor-element elementor-element-eb9b8f8 elementor-widget elementor-widget-spacer\" data-id=\"eb9b8f8\" data-element_type=\"widget\" data-widget_type=\"spacer.default\">\n\t\t\t\t<div class=\"elementor-widget-container\">\n\t\t\t\t\t<div class=\"elementor-spacer\">\n\t\t\t<div class=\"elementor-spacer-inner\"><\/div>\n\t\t<\/div>\n\t\t\t\t<\/div>\n\t\t\t\t<\/div>\n\t\t\t\t\t<\/div>\n\t\t<\/div>\n\t\t\t\t\t\t\t<\/div>\n\t\t<\/section>\n\t\t\t\t<section class=\"elementor-section elementor-top-section elementor-element elementor-element-88cbe9c elementor-section-boxed elementor-section-height-default elementor-section-height-default\" data-id=\"88cbe9c\" data-element_type=\"section\">\n\t\t\t\t\t\t<div class=\"elementor-container elementor-column-gap-default\">\n\t\t\t\t\t<div class=\"elementor-column elementor-col-100 elementor-top-column elementor-element elementor-element-7be9aad\" data-id=\"7be9aad\" data-element_type=\"column\">\n\t\t\t<div class=\"elementor-widget-wrap elementor-element-populated\">\n\t\t\t\t\t\t\t\t<section class=\"elementor-section elementor-inner-section elementor-element elementor-element-dc174b8 elementor-section-boxed elementor-section-height-default elementor-section-height-default\" data-id=\"dc174b8\" data-element_type=\"section\" data-settings=\"{&quot;background_background&quot;:&quot;classic&quot;}\">\n\t\t\t\t\t\t<div class=\"elementor-container elementor-column-gap-default\">\n\t\t\t\t\t<div class=\"elementor-column elementor-col-100 elementor-inner-column elementor-element elementor-element-24e7a2c\" data-id=\"24e7a2c\" data-element_type=\"column\">\n\t\t\t<div class=\"elementor-widget-wrap elementor-element-populated\">\n\t\t\t\t\t\t\t\t<div class=\"elementor-element elementor-element-032587e aleft elementor-widget elementor-widget-wgl-double-headings\" data-id=\"032587e\" data-element_type=\"widget\" data-widget_type=\"wgl-double-headings.default\">\n\t\t\t\t<div class=\"elementor-widget-container\">\n\t\t\t<div class=\"wgl-double_heading\"><h3 class=\"dbl__title-wrapper\"><span class=\"dbl__title\">Bize Yaz\u0131n<\/span><\/h3><\/div>\t\t<\/div>\n\t\t\t\t<\/div>\n\t\t\t\t<div class=\"elementor-element elementor-element-1cd4b1d elementor-widget elementor-widget-text-editor\" data-id=\"1cd4b1d\" data-element_type=\"widget\" data-widget_type=\"text-editor.default\">\n\t\t\t\t<div class=\"elementor-widget-container\">\n\t\t\t\t\t\t\t<p>E-posta adresiniz yay\u0131nlanmayacak. Doldurulmas\u0131 gerekli alanlar i\u015faretlendi *<\/p>\t\t\t\t\t\t<\/div>\n\t\t\t\t<\/div>\n\t\t\t\t<div class=\"elementor-element elementor-element-c364e45 elementor-widget elementor-widget-shortcode\" data-id=\"c364e45\" data-element_type=\"widget\" data-widget_type=\"shortcode.default\">\n\t\t\t\t<div class=\"elementor-widget-container\">\n\t\t\t\t\t<div class=\"elementor-shortcode\">\n<div class=\"wpcf7 no-js\" id=\"wpcf7-f4331-o1\" lang=\"en-US\" dir=\"ltr\">\n<div class=\"screen-reader-response\"><p role=\"status\" aria-live=\"polite\" aria-atomic=\"true\"><\/p> <ul><\/ul><\/div>\n<form action=\"\/tr\/wp-json\/wp\/v2\/pages\/21#wpcf7-f4331-o1\" method=\"post\" class=\"wpcf7-form init\" aria-label=\"Contact form\" novalidate=\"novalidate\" data-status=\"init\" data-trp-original-action=\"\/tr\/wp-json\/wp\/v2\/pages\/21#wpcf7-f4331-o1\">\n<div style=\"display: none;\">\n<input type=\"hidden\" name=\"_wpcf7\" value=\"4331\" \/>\n<input type=\"hidden\" name=\"_wpcf7_version\" value=\"5.8.6\" \/>\n<input type=\"hidden\" name=\"_wpcf7_locale\" value=\"en_US\" \/>\n<input type=\"hidden\" name=\"_wpcf7_unit_tag\" value=\"wpcf7-f4331-o1\" \/>\n<input type=\"hidden\" name=\"_wpcf7_container_post\" value=\"0\" \/>\n<input type=\"hidden\" name=\"_wpcf7_posted_data_hash\" value=\"\" \/>\n<input type=\"hidden\" name=\"_wpcf7_recaptcha_response\" value=\"\" \/>\n<\/div>\n<p><label> Your name<br \/>\n<span class=\"wpcf7-form-control-wrap\" data-name=\"your-name\"><input size=\"40\" class=\"wpcf7-form-control wpcf7-text wpcf7-validates-as-required\" aria-required=\"true\" aria-invalid=\"false\" value=\"\" type=\"text\" name=\"your-name\" \/><\/span> <\/label>\n<\/p>\n<p><label> Your email<br \/>\n<span class=\"wpcf7-form-control-wrap\" data-name=\"your-email\"><input size=\"40\" class=\"wpcf7-form-control wpcf7-email wpcf7-validates-as-required wpcf7-text wpcf7-validates-as-email\" aria-required=\"true\" aria-invalid=\"false\" value=\"\" type=\"email\" name=\"your-email\" \/><\/span> <\/label>\n<\/p>\n<p><label> Subject<br \/>\n<span class=\"wpcf7-form-control-wrap\" data-name=\"your-subject\"><input size=\"40\" class=\"wpcf7-form-control wpcf7-text wpcf7-validates-as-required\" aria-required=\"true\" aria-invalid=\"false\" value=\"\" type=\"text\" name=\"your-subject\" \/><\/span> <\/label>\n<\/p>\n<p><label> Your message (optional)<br \/>\n<span class=\"wpcf7-form-control-wrap\" data-name=\"your-message\"><textarea cols=\"40\" rows=\"10\" class=\"wpcf7-form-control wpcf7-textarea\" aria-invalid=\"false\" name=\"your-message\"><\/textarea><\/span> <\/label>\n<\/p>\n<p><input class=\"wpcf7-form-control wpcf7-submit has-spinner\" type=\"submit\" value=\"Submit\" \/>\n<\/p><p style=\"display: none !important;\"><label>&#916;<textarea name=\"_wpcf7_ak_hp_textarea\" cols=\"45\" rows=\"8\" maxlength=\"100\"><\/textarea><\/label><input type=\"hidden\" id=\"ak_js_1\" name=\"_wpcf7_ak_js\" value=\"35\"\/><script>document.getElementById( \"ak_js_1\" ).setAttribute( \"value\", ( new Date() ).getTime() );<\/script><\/p><div class=\"wpcf7-response-output\" aria-hidden=\"true\"><\/div>\n<input type=\"hidden\" name=\"trp-form-language\" value=\"tr\"\/><\/form>\n<\/div>\n<\/div>\n\t\t\t\t<\/div>\n\t\t\t\t<\/div>\n\t\t\t\t\t<\/div>\n\t\t<\/div>\n\t\t\t\t\t\t\t<\/div>\n\t\t<\/section>\n\t\t\t\t\t<\/div>\n\t\t<\/div>\n\t\t\t\t\t\t\t<\/div>\n\t\t<\/section>\n\t\t\t\t<section class=\"elementor-section elementor-top-section elementor-element elementor-element-34e0da7 elementor-section-boxed elementor-section-height-default elementor-section-height-default\" data-id=\"34e0da7\" data-element_type=\"section\" data-settings=\"{&quot;background_background&quot;:&quot;classic&quot;}\">\n\t\t\t\t\t\t<div class=\"elementor-container elementor-column-gap-default\">\n\t\t\t\t\t<div class=\"elementor-column elementor-col-100 elementor-top-column elementor-element elementor-element-1c57d28\" data-id=\"1c57d28\" data-element_type=\"column\">\n\t\t\t<div class=\"elementor-widget-wrap elementor-element-populated\">\n\t\t\t\t\t\t\t\t<div class=\"elementor-element elementor-element-b0b8153 elementor-widget elementor-widget-spacer\" data-id=\"b0b8153\" data-element_type=\"widget\" data-widget_type=\"spacer.default\">\n\t\t\t\t<div class=\"elementor-widget-container\">\n\t\t\t\t\t<div class=\"elementor-spacer\">\n\t\t\t<div class=\"elementor-spacer-inner\"><\/div>\n\t\t<\/div>\n\t\t\t\t<\/div>\n\t\t\t\t<\/div>\n\t\t\t\t\t<\/div>\n\t\t<\/div>\n\t\t\t\t\t\t\t<\/div>\n\t\t<\/section>\n\t\t\t\t\t\t\t<\/div>","protected":false},"excerpt":{"rendered":"<p>contact us Get in Touch You can contact us to discuss your digital marketing needs. Please give us a call or drop us an email, and we\u2019ll get back to you as soon as possible. Visit Us: Beyazevler Mah. 544 Sokak No:31 Gaziemir \/ \u0130ZM\u0130R Mail Us: info@kreatifmedya.net Phone Us: + (90) 538 506 4029 [&hellip;]<\/p>","protected":false},"author":1,"featured_media":0,"parent":0,"menu_order":0,"comment_status":"closed","ping_status":"closed","template":"","meta":{"footnotes":""},"class_list":["post-21","page","type-page","status-publish","hentry"],"_links":{"self":[{"href":"https:\/\/www.kreatifmedya.net\/tr\/wp-json\/wp\/v2\/pages\/21","targetHints":{"allow":["GET"]}}],"collection":[{"href":"https:\/\/www.kreatifmedya.net\/tr\/wp-json\/wp\/v2\/pages"}],"about":[{"href":"https:\/\/www.kreatifmedya.net\/tr\/wp-json\/wp\/v2\/types\/page"}],"author":[{"embeddable":true,"href":"https:\/\/www.kreatifmedya.net\/tr\/wp-json\/wp\/v2\/users\/1"}],"replies":[{"embeddable":true,"href":"https:\/\/www.kreatifmedya.net\/tr\/wp-json\/wp\/v2\/comments?post=21"}],"version-history":[{"count":25,"href":"https:\/\/www.kreatifmedya.net\/tr\/wp-json\/wp\/v2\/pages\/21\/revisions"}],"predecessor-version":[{"id":4335,"href":"https:\/\/www.kreatifmedya.net\/tr\/wp-json\/wp\/v2\/pages\/21\/revisions\/4335"}],"wp:attachment":[{"href":"https:\/\/www.kreatifmedya.net\/tr\/wp-json\/wp\/v2\/media?parent=21"}],"curies":[{"name":"wp","href":"https:\/\/api.w.org\/{rel}","templated":true}]}}